{"id":3798,"date":"2019-08-09T17:03:40","date_gmt":"2019-08-09T17:03:40","guid":{"rendered":"http:\/\/xellowp.exmple.xyz\/?page_id=2399"},"modified":"2024-05-24T13:13:53","modified_gmt":"2024-05-24T13:13:53","slug":"home","status":"publish","type":"page","link":"https:\/\/dev.xello.world\/fr\/home\/","title":{"rendered":"Page d&#8217;accueil"},"content":{"rendered":"<p>test content<\/p>\n","protected":false},"excerpt":{"rendered":"<p>test content<\/p>\n","protected":false},"author":20,"featured_media":0,"parent":0,"menu_order":0,"comment_status":"closed","ping_status":"closed","template":"","meta":{"_acf_changed":false,"footnotes":""},"class_list":["post-3798","page","type-page","status-publish","hentry"],"acf":[],"yoast_head":"<!-- This site is optimized with the Yoast SEO plugin v27.1.1 - https:\/\/yoast.com\/product\/yoast-seo-wordpress\/ -->\n<title>Cr\u00e9er un brillant avenir | Xello<\/title>\n<meta name=\"description\" content=\"Avec Xello, il est facile de pr\u00e9parer vos \u00e9l\u00e8ves de la maternelle \u00e0 la 12\u1d49 ann\u00e9e \u00e0 se pr\u00e9parer pour un avenir r\u00e9ussi en les aidant \u00e0 mieux se conna\u00eetre eux-m\u00eames, \u00e0 \u00e9laborer des plans d&#039;action pour leurs \u00e9tudes postsecondaires et leur carri\u00e8re, et \u00e0 acqu\u00e9rir des comp\u00e9tences essentielles dans la vie.\" \/>\n<meta name=\"robots\" content=\"noindex, follow, max-snippet:-1, max-image-preview:large, max-video-preview:-1\" \/>\n<meta property=\"og:locale\" content=\"fr_FR\" \/>\n<meta property=\"og:type\" content=\"article\" \/>\n<meta property=\"og:title\" content=\"Cr\u00e9er un brillant avenir | Xello\" \/>\n<meta property=\"og:description\" content=\"Avec Xello, il est facile de pr\u00e9parer vos \u00e9l\u00e8ves de la maternelle \u00e0 la 12\u1d49 ann\u00e9e \u00e0 se pr\u00e9parer pour un avenir r\u00e9ussi en les aidant \u00e0 mieux se conna\u00eetre eux-m\u00eames, \u00e0 \u00e9laborer des plans d&#039;action pour leurs \u00e9tudes postsecondaires et leur carri\u00e8re, et \u00e0 acqu\u00e9rir des comp\u00e9tences essentielles dans la vie.\" \/>\n<meta property=\"og:url\" content=\"https:\/\/dev.xello.world\/fr\/home\/\" \/>\n<meta property=\"og:site_name\" content=\"Xello\" \/>\n<meta property=\"article:publisher\" content=\"https:\/\/www.facebook.com\/xellofuture\" \/>\n<meta property=\"article:modified_time\" content=\"2024-05-24T13:13:53+00:00\" \/>\n<meta name=\"twitter:card\" content=\"summary_large_image\" \/>\n<meta name=\"twitter:site\" content=\"@xellofuture\" \/>\n<script type=\"application\/ld+json\" class=\"yoast-schema-graph\">{\"@context\":\"https:\/\/schema.org\",\"@graph\":[{\"@type\":\"WebPage\",\"@id\":\"https:\/\/dev.xello.world\/fr\/home\/\",\"url\":\"https:\/\/dev.xello.world\/fr\/home\/\",\"name\":\"Cr\u00e9er un brillant avenir | Xello\",\"isPartOf\":{\"@id\":\"https:\/\/dev.xello.world\/fr\/#website\"},\"datePublished\":\"2019-08-09T17:03:40+00:00\",\"dateModified\":\"2024-05-24T13:13:53+00:00\",\"description\":\"Avec Xello, il est facile de pr\u00e9parer vos \u00e9l\u00e8ves de la maternelle \u00e0 la 12\u1d49 ann\u00e9e \u00e0 se pr\u00e9parer pour un avenir r\u00e9ussi en les aidant \u00e0 mieux se conna\u00eetre eux-m\u00eames, \u00e0 \u00e9laborer des plans d'action pour leurs \u00e9tudes postsecondaires et leur carri\u00e8re, et \u00e0 acqu\u00e9rir des comp\u00e9tences essentielles dans la vie.\",\"breadcrumb\":{\"@id\":\"https:\/\/dev.xello.world\/fr\/home\/#breadcrumb\"},\"inLanguage\":\"fr-FR\",\"potentialAction\":[{\"@type\":\"ReadAction\",\"target\":[\"https:\/\/dev.xello.world\/fr\/home\/\"]}]},{\"@type\":\"BreadcrumbList\",\"@id\":\"https:\/\/dev.xello.world\/fr\/home\/#breadcrumb\",\"itemListElement\":[{\"@type\":\"ListItem\",\"position\":1,\"name\":\"Home\",\"item\":\"https:\/\/dev.xello.world\/fr\/\"},{\"@type\":\"ListItem\",\"position\":2,\"name\":\"Page d&#8217;accueil\"}]},{\"@type\":\"WebSite\",\"@id\":\"https:\/\/dev.xello.world\/fr\/#website\",\"url\":\"https:\/\/dev.xello.world\/fr\/\",\"name\":\"Xello\",\"description\":\"College &amp; Career Readiness Software that Inspires Students\",\"publisher\":{\"@id\":\"https:\/\/dev.xello.world\/fr\/#organization\"},\"potentialAction\":[{\"@type\":\"SearchAction\",\"target\":{\"@type\":\"EntryPoint\",\"urlTemplate\":\"https:\/\/dev.xello.world\/fr\/?s={search_term_string}\"},\"query-input\":{\"@type\":\"PropertyValueSpecification\",\"valueRequired\":true,\"valueName\":\"search_term_string\"}}],\"inLanguage\":\"fr-FR\"},{\"@type\":\"Organization\",\"@id\":\"https:\/\/dev.xello.world\/fr\/#organization\",\"name\":\"Xello\",\"url\":\"https:\/\/dev.xello.world\/fr\/\",\"logo\":{\"@type\":\"ImageObject\",\"inLanguage\":\"fr-FR\",\"@id\":\"https:\/\/dev.xello.world\/fr\/#\/schema\/logo\/image\/\",\"url\":\"https:\/\/dev.xello.world\/wp-content\/uploads\/Xello-logo-for-blog-top-nav-1.svg\",\"contentUrl\":\"https:\/\/dev.xello.world\/wp-content\/uploads\/Xello-logo-for-blog-top-nav-1.svg\",\"width\":65,\"height\":72,\"caption\":\"Xello\"},\"image\":{\"@id\":\"https:\/\/dev.xello.world\/fr\/#\/schema\/logo\/image\/\"},\"sameAs\":[\"https:\/\/www.facebook.com\/xellofuture\",\"https:\/\/x.com\/xellofuture\"]}]}<\/script>\n<!-- \/ Yoast SEO plugin. -->","yoast_head_json":{"title":"Cr\u00e9er un brillant avenir | Xello","description":"Avec Xello, il est facile de pr\u00e9parer vos \u00e9l\u00e8ves de la maternelle \u00e0 la 12\u1d49 ann\u00e9e \u00e0 se pr\u00e9parer pour un avenir r\u00e9ussi en les aidant \u00e0 mieux se conna\u00eetre eux-m\u00eames, \u00e0 \u00e9laborer des plans d'action pour leurs \u00e9tudes postsecondaires et leur carri\u00e8re, et \u00e0 acqu\u00e9rir des comp\u00e9tences essentielles dans la vie.","robots":{"index":"noindex","follow":"follow","max-snippet":"max-snippet:-1","max-image-preview":"max-image-preview:large","max-video-preview":"max-video-preview:-1"},"og_locale":"fr_FR","og_type":"article","og_title":"Cr\u00e9er un brillant avenir | Xello","og_description":"Avec Xello, il est facile de pr\u00e9parer vos \u00e9l\u00e8ves de la maternelle \u00e0 la 12\u1d49 ann\u00e9e \u00e0 se pr\u00e9parer pour un avenir r\u00e9ussi en les aidant \u00e0 mieux se conna\u00eetre eux-m\u00eames, \u00e0 \u00e9laborer des plans d'action pour leurs \u00e9tudes postsecondaires et leur carri\u00e8re, et \u00e0 acqu\u00e9rir des comp\u00e9tences essentielles dans la vie.","og_url":"https:\/\/dev.xello.world\/fr\/home\/","og_site_name":"Xello","article_publisher":"https:\/\/www.facebook.com\/xellofuture","article_modified_time":"2024-05-24T13:13:53+00:00","twitter_card":"summary_large_image","twitter_site":"@xellofuture","schema":{"@context":"https:\/\/schema.org","@graph":[{"@type":"WebPage","@id":"https:\/\/dev.xello.world\/fr\/home\/","url":"https:\/\/dev.xello.world\/fr\/home\/","name":"Cr\u00e9er un brillant avenir | Xello","isPartOf":{"@id":"https:\/\/dev.xello.world\/fr\/#website"},"datePublished":"2019-08-09T17:03:40+00:00","dateModified":"2024-05-24T13:13:53+00:00","description":"Avec Xello, il est facile de pr\u00e9parer vos \u00e9l\u00e8ves de la maternelle \u00e0 la 12\u1d49 ann\u00e9e \u00e0 se pr\u00e9parer pour un avenir r\u00e9ussi en les aidant \u00e0 mieux se conna\u00eetre eux-m\u00eames, \u00e0 \u00e9laborer des plans d'action pour leurs \u00e9tudes postsecondaires et leur carri\u00e8re, et \u00e0 acqu\u00e9rir des comp\u00e9tences essentielles dans la vie.","breadcrumb":{"@id":"https:\/\/dev.xello.world\/fr\/home\/#breadcrumb"},"inLanguage":"fr-FR","potentialAction":[{"@type":"ReadAction","target":["https:\/\/dev.xello.world\/fr\/home\/"]}]},{"@type":"BreadcrumbList","@id":"https:\/\/dev.xello.world\/fr\/home\/#breadcrumb","itemListElement":[{"@type":"ListItem","position":1,"name":"Home","item":"https:\/\/dev.xello.world\/fr\/"},{"@type":"ListItem","position":2,"name":"Page d&#8217;accueil"}]},{"@type":"WebSite","@id":"https:\/\/dev.xello.world\/fr\/#website","url":"https:\/\/dev.xello.world\/fr\/","name":"Xello","description":"College &amp; Career Readiness Software that Inspires Students","publisher":{"@id":"https:\/\/dev.xello.world\/fr\/#organization"},"potentialAction":[{"@type":"SearchAction","target":{"@type":"EntryPoint","urlTemplate":"https:\/\/dev.xello.world\/fr\/?s={search_term_string}"},"query-input":{"@type":"PropertyValueSpecification","valueRequired":true,"valueName":"search_term_string"}}],"inLanguage":"fr-FR"},{"@type":"Organization","@id":"https:\/\/dev.xello.world\/fr\/#organization","name":"Xello","url":"https:\/\/dev.xello.world\/fr\/","logo":{"@type":"ImageObject","inLanguage":"fr-FR","@id":"https:\/\/dev.xello.world\/fr\/#\/schema\/logo\/image\/","url":"https:\/\/dev.xello.world\/wp-content\/uploads\/Xello-logo-for-blog-top-nav-1.svg","contentUrl":"https:\/\/dev.xello.world\/wp-content\/uploads\/Xello-logo-for-blog-top-nav-1.svg","width":65,"height":72,"caption":"Xello"},"image":{"@id":"https:\/\/dev.xello.world\/fr\/#\/schema\/logo\/image\/"},"sameAs":["https:\/\/www.facebook.com\/xellofuture","https:\/\/x.com\/xellofuture"]}]}},"_links":{"self":[{"href":"https:\/\/dev.xello.world\/fr\/wp-json\/wp\/v2\/pages\/3798","targetHints":{"allow":["GET"]}}],"collection":[{"href":"https:\/\/dev.xello.world\/fr\/wp-json\/wp\/v2\/pages"}],"about":[{"href":"https:\/\/dev.xello.world\/fr\/wp-json\/wp\/v2\/types\/page"}],"author":[{"embeddable":true,"href":"https:\/\/dev.xello.world\/fr\/wp-json\/wp\/v2\/users\/20"}],"replies":[{"embeddable":true,"href":"https:\/\/dev.xello.world\/fr\/wp-json\/wp\/v2\/comments?post=3798"}],"version-history":[{"count":2,"href":"https:\/\/dev.xello.world\/fr\/wp-json\/wp\/v2\/pages\/3798\/revisions"}],"predecessor-version":[{"id":39180,"href":"https:\/\/dev.xello.world\/fr\/wp-json\/wp\/v2\/pages\/3798\/revisions\/39180"}],"wp:attachment":[{"href":"https:\/\/dev.xello.world\/fr\/wp-json\/wp\/v2\/media?parent=3798"}],"curies":[{"name":"wp","href":"https:\/\/api.w.org\/{rel}","templated":true}]}}