{"id":17696,"date":"2022-06-03T16:25:07","date_gmt":"2022-06-03T16:25:07","guid":{"rendered":"https:\/\/dev.xello.world\/politique-de-confidentialite-de-xello\/"},"modified":"2022-09-15T20:34:07","modified_gmt":"2022-09-15T20:34:07","slug":"privacy","status":"publish","type":"page","link":"https:\/\/dev.xello.world\/fr\/privacy\/","title":{"rendered":"Politique de confidentialit\u00e9 de Xello"},"content":{"rendered":"\r\n<p>La pr\u00e9sente Politique de confidentialit\u00e9 s&#8217;applique aux personnes qui visitent le site Web de Xello (les \u00ab\u00a0visiteurs\u00a0\u00bb) ou aux utilisateurs (d\u00e9finis ci-dessous) de la plateforme ou du site Web de Xello, ou de tout autre site Web ou application de Xello qui contient un lien vers la pr\u00e9sente Politique de confidentialit\u00e9 (collectivement, les \u00ab\u00a0Services\u00a0\u00bb).\u00a0 En visitant le site Web ou en utilisant les Services, vous reconnaissez que vous avez lu la pr\u00e9sente Politique de confidentialit\u00e9 et que vous comprenez que vos renseignements personnels seront trait\u00e9s conform\u00e9ment \u00e0 celle-ci. Nous promettons de limiter l&#8217;utilisation de vos renseignements personnels recueillis par le biais des Services aux fins d\u00e9crites dans la pr\u00e9sente Politique de confidentialit\u00e9 et dans les <a href=\"https:\/\/dev.xello.world\/fr\/terms\/\">Conditions d&#8217;utilisation.<\/a><\/p>\r\n","protected":false},"excerpt":{"rendered":"<p>La pr\u00e9sente Politique de confidentialit\u00e9 s&#8217;applique aux personnes qui visitent le site Web de Xello (les \u00ab\u00a0visiteurs\u00a0\u00bb) ou aux utilisateurs (d\u00e9finis ci-dessous) de la plateforme ou du site Web de Xello, ou de tout autre site Web ou application de Xello qui contient un lien vers la pr\u00e9sente Politique de confidentialit\u00e9 (collectivement, les \u00ab\u00a0Services\u00a0\u00bb).\u00a0 En &hellip; <a href=\"https:\/\/dev.xello.world\/fr\/privacy\/\">Continued<\/a><\/p>\n","protected":false},"author":20,"featured_media":1180,"parent":0,"menu_order":0,"comment_status":"closed","ping_status":"closed","template":"","meta":{"_acf_changed":false,"footnotes":""},"class_list":["post-17696","page","type-page","status-publish","has-post-thumbnail","hentry"],"acf":[],"yoast_head":"<!-- This site is optimized with the Yoast SEO plugin v27.1.1 - https:\/\/yoast.com\/product\/yoast-seo-wordpress\/ -->\n<title>Politique de confidentialit\u00e9 | Xello<\/title>\n<meta name=\"description\" content=\"Nous nous engageons \u00e0 prot\u00e9ger vos renseignements personnels et \u00e0 respecter toutes les lois en vigueur, y compris la Children\u2019s Online Privacy Protection Act (\u00ab COPPA \u00bb), la Personal Information Protection and Electronic Documents Act (\u00ab PIPEDA \u00bb) et la Family Educational Rights and Privacy Act (\u00ab FERPA \u00bb) des \u00c9tats-Unis, en nous conformant \u00e0 la pr\u00e9sente Politique de confidentialit\u00e9.\" \/>\n<meta name=\"robots\" content=\"noindex, nofollow\" \/>\n<meta property=\"og:locale\" content=\"fr_FR\" \/>\n<meta property=\"og:type\" content=\"article\" \/>\n<meta property=\"og:title\" content=\"Politique de confidentialit\u00e9 | Xello\" \/>\n<meta property=\"og:description\" content=\"Nous nous engageons \u00e0 prot\u00e9ger vos renseignements personnels et \u00e0 respecter toutes les lois en vigueur, y compris la Children\u2019s Online Privacy Protection Act (\u00ab COPPA \u00bb), la Personal Information Protection and Electronic Documents Act (\u00ab PIPEDA \u00bb) et la Family Educational Rights and Privacy Act (\u00ab FERPA \u00bb) des \u00c9tats-Unis, en nous conformant \u00e0 la pr\u00e9sente Politique de confidentialit\u00e9.\" \/>\n<meta property=\"og:url\" content=\"https:\/\/dev.xello.world\/fr\/privacy\/\" \/>\n<meta property=\"og:site_name\" content=\"Xello\" \/>\n<meta property=\"article:publisher\" content=\"https:\/\/www.facebook.com\/xellofuture\" \/>\n<meta property=\"article:modified_time\" content=\"2022-09-15T20:34:07+00:00\" \/>\n<meta name=\"twitter:card\" content=\"summary_large_image\" \/>\n<meta name=\"twitter:site\" content=\"@xellofuture\" \/>\n<meta name=\"twitter:label1\" content=\"Dur\u00e9e de lecture estim\u00e9e\" \/>\n\t<meta name=\"twitter:data1\" content=\"1 minute\" \/>\n<script type=\"application\/ld+json\" class=\"yoast-schema-graph\">{\"@context\":\"https:\/\/schema.org\",\"@graph\":[{\"@type\":\"WebPage\",\"@id\":\"https:\/\/dev.xello.world\/fr\/privacy\/\",\"url\":\"https:\/\/dev.xello.world\/fr\/privacy\/\",\"name\":\"Politique de confidentialit\u00e9 | Xello\",\"isPartOf\":{\"@id\":\"https:\/\/dev.xello.world\/fr\/#website\"},\"primaryImageOfPage\":{\"@id\":\"https:\/\/dev.xello.world\/fr\/privacy\/#primaryimage\"},\"image\":{\"@id\":\"https:\/\/dev.xello.world\/fr\/privacy\/#primaryimage\"},\"thumbnailUrl\":\"https:\/\/dev.xello.world\/wp-content\/uploads\/2018\/12\/privacy.svg\",\"datePublished\":\"2022-06-03T16:25:07+00:00\",\"dateModified\":\"2022-09-15T20:34:07+00:00\",\"description\":\"Nous nous engageons \u00e0 prot\u00e9ger vos renseignements personnels et \u00e0 respecter toutes les lois en vigueur, y compris la Children\u2019s Online Privacy Protection Act (\u00ab COPPA \u00bb), la Personal Information Protection and Electronic Documents Act (\u00ab PIPEDA \u00bb) et la Family Educational Rights and Privacy Act (\u00ab FERPA \u00bb) des \u00c9tats-Unis, en nous conformant \u00e0 la pr\u00e9sente Politique de confidentialit\u00e9.\",\"breadcrumb\":{\"@id\":\"https:\/\/dev.xello.world\/fr\/privacy\/#breadcrumb\"},\"inLanguage\":\"fr-FR\",\"potentialAction\":[{\"@type\":\"ReadAction\",\"target\":[\"https:\/\/dev.xello.world\/fr\/privacy\/\"]}]},{\"@type\":\"ImageObject\",\"inLanguage\":\"fr-FR\",\"@id\":\"https:\/\/dev.xello.world\/fr\/privacy\/#primaryimage\",\"url\":\"https:\/\/dev.xello.world\/wp-content\/uploads\/2018\/12\/privacy.svg\",\"contentUrl\":\"https:\/\/dev.xello.world\/wp-content\/uploads\/2018\/12\/privacy.svg\",\"caption\":\"Illustration d'une femme, les bras crois\u00e9s avec une bulle de pens\u00e9e contenant un cadenas s\u00e9curis\u00e9\"},{\"@type\":\"BreadcrumbList\",\"@id\":\"https:\/\/dev.xello.world\/fr\/privacy\/#breadcrumb\",\"itemListElement\":[{\"@type\":\"ListItem\",\"position\":1,\"name\":\"Home\",\"item\":\"https:\/\/dev.xello.world\/fr\/\"},{\"@type\":\"ListItem\",\"position\":2,\"name\":\"Politique de confidentialit\u00e9 de Xello\"}]},{\"@type\":\"WebSite\",\"@id\":\"https:\/\/dev.xello.world\/fr\/#website\",\"url\":\"https:\/\/dev.xello.world\/fr\/\",\"name\":\"Xello\",\"description\":\"College &amp; Career Readiness Software that Inspires Students\",\"publisher\":{\"@id\":\"https:\/\/dev.xello.world\/fr\/#organization\"},\"potentialAction\":[{\"@type\":\"SearchAction\",\"target\":{\"@type\":\"EntryPoint\",\"urlTemplate\":\"https:\/\/dev.xello.world\/fr\/?s={search_term_string}\"},\"query-input\":{\"@type\":\"PropertyValueSpecification\",\"valueRequired\":true,\"valueName\":\"search_term_string\"}}],\"inLanguage\":\"fr-FR\"},{\"@type\":\"Organization\",\"@id\":\"https:\/\/dev.xello.world\/fr\/#organization\",\"name\":\"Xello\",\"url\":\"https:\/\/dev.xello.world\/fr\/\",\"logo\":{\"@type\":\"ImageObject\",\"inLanguage\":\"fr-FR\",\"@id\":\"https:\/\/dev.xello.world\/fr\/#\/schema\/logo\/image\/\",\"url\":\"https:\/\/dev.xello.world\/wp-content\/uploads\/Xello-logo-for-blog-top-nav-1.svg\",\"contentUrl\":\"https:\/\/dev.xello.world\/wp-content\/uploads\/Xello-logo-for-blog-top-nav-1.svg\",\"width\":65,\"height\":72,\"caption\":\"Xello\"},\"image\":{\"@id\":\"https:\/\/dev.xello.world\/fr\/#\/schema\/logo\/image\/\"},\"sameAs\":[\"https:\/\/www.facebook.com\/xellofuture\",\"https:\/\/x.com\/xellofuture\"]}]}<\/script>\n<!-- \/ Yoast SEO plugin. -->","yoast_head_json":{"title":"Politique de confidentialit\u00e9 | Xello","description":"Nous nous engageons \u00e0 prot\u00e9ger vos renseignements personnels et \u00e0 respecter toutes les lois en vigueur, y compris la Children\u2019s Online Privacy Protection Act (\u00ab COPPA \u00bb), la Personal Information Protection and Electronic Documents Act (\u00ab PIPEDA \u00bb) et la Family Educational Rights and Privacy Act (\u00ab FERPA \u00bb) des \u00c9tats-Unis, en nous conformant \u00e0 la pr\u00e9sente Politique de confidentialit\u00e9.","robots":{"index":"noindex","follow":"nofollow"},"og_locale":"fr_FR","og_type":"article","og_title":"Politique de confidentialit\u00e9 | Xello","og_description":"Nous nous engageons \u00e0 prot\u00e9ger vos renseignements personnels et \u00e0 respecter toutes les lois en vigueur, y compris la Children\u2019s Online Privacy Protection Act (\u00ab COPPA \u00bb), la Personal Information Protection and Electronic Documents Act (\u00ab PIPEDA \u00bb) et la Family Educational Rights and Privacy Act (\u00ab FERPA \u00bb) des \u00c9tats-Unis, en nous conformant \u00e0 la pr\u00e9sente Politique de confidentialit\u00e9.","og_url":"https:\/\/dev.xello.world\/fr\/privacy\/","og_site_name":"Xello","article_publisher":"https:\/\/www.facebook.com\/xellofuture","article_modified_time":"2022-09-15T20:34:07+00:00","twitter_card":"summary_large_image","twitter_site":"@xellofuture","twitter_misc":{"Dur\u00e9e de lecture estim\u00e9e":"1 minute"},"schema":{"@context":"https:\/\/schema.org","@graph":[{"@type":"WebPage","@id":"https:\/\/dev.xello.world\/fr\/privacy\/","url":"https:\/\/dev.xello.world\/fr\/privacy\/","name":"Politique de confidentialit\u00e9 | Xello","isPartOf":{"@id":"https:\/\/dev.xello.world\/fr\/#website"},"primaryImageOfPage":{"@id":"https:\/\/dev.xello.world\/fr\/privacy\/#primaryimage"},"image":{"@id":"https:\/\/dev.xello.world\/fr\/privacy\/#primaryimage"},"thumbnailUrl":"https:\/\/dev.xello.world\/wp-content\/uploads\/2018\/12\/privacy.svg","datePublished":"2022-06-03T16:25:07+00:00","dateModified":"2022-09-15T20:34:07+00:00","description":"Nous nous engageons \u00e0 prot\u00e9ger vos renseignements personnels et \u00e0 respecter toutes les lois en vigueur, y compris la Children\u2019s Online Privacy Protection Act (\u00ab COPPA \u00bb), la Personal Information Protection and Electronic Documents Act (\u00ab PIPEDA \u00bb) et la Family Educational Rights and Privacy Act (\u00ab FERPA \u00bb) des \u00c9tats-Unis, en nous conformant \u00e0 la pr\u00e9sente Politique de confidentialit\u00e9.","breadcrumb":{"@id":"https:\/\/dev.xello.world\/fr\/privacy\/#breadcrumb"},"inLanguage":"fr-FR","potentialAction":[{"@type":"ReadAction","target":["https:\/\/dev.xello.world\/fr\/privacy\/"]}]},{"@type":"ImageObject","inLanguage":"fr-FR","@id":"https:\/\/dev.xello.world\/fr\/privacy\/#primaryimage","url":"https:\/\/dev.xello.world\/wp-content\/uploads\/2018\/12\/privacy.svg","contentUrl":"https:\/\/dev.xello.world\/wp-content\/uploads\/2018\/12\/privacy.svg","caption":"Illustration d'une femme, les bras crois\u00e9s avec une bulle de pens\u00e9e contenant un cadenas s\u00e9curis\u00e9"},{"@type":"BreadcrumbList","@id":"https:\/\/dev.xello.world\/fr\/privacy\/#breadcrumb","itemListElement":[{"@type":"ListItem","position":1,"name":"Home","item":"https:\/\/dev.xello.world\/fr\/"},{"@type":"ListItem","position":2,"name":"Politique de confidentialit\u00e9 de Xello"}]},{"@type":"WebSite","@id":"https:\/\/dev.xello.world\/fr\/#website","url":"https:\/\/dev.xello.world\/fr\/","name":"Xello","description":"College &amp; Career Readiness Software that Inspires Students","publisher":{"@id":"https:\/\/dev.xello.world\/fr\/#organization"},"potentialAction":[{"@type":"SearchAction","target":{"@type":"EntryPoint","urlTemplate":"https:\/\/dev.xello.world\/fr\/?s={search_term_string}"},"query-input":{"@type":"PropertyValueSpecification","valueRequired":true,"valueName":"search_term_string"}}],"inLanguage":"fr-FR"},{"@type":"Organization","@id":"https:\/\/dev.xello.world\/fr\/#organization","name":"Xello","url":"https:\/\/dev.xello.world\/fr\/","logo":{"@type":"ImageObject","inLanguage":"fr-FR","@id":"https:\/\/dev.xello.world\/fr\/#\/schema\/logo\/image\/","url":"https:\/\/dev.xello.world\/wp-content\/uploads\/Xello-logo-for-blog-top-nav-1.svg","contentUrl":"https:\/\/dev.xello.world\/wp-content\/uploads\/Xello-logo-for-blog-top-nav-1.svg","width":65,"height":72,"caption":"Xello"},"image":{"@id":"https:\/\/dev.xello.world\/fr\/#\/schema\/logo\/image\/"},"sameAs":["https:\/\/www.facebook.com\/xellofuture","https:\/\/x.com\/xellofuture"]}]}},"_links":{"self":[{"href":"https:\/\/dev.xello.world\/fr\/wp-json\/wp\/v2\/pages\/17696","targetHints":{"allow":["GET"]}}],"collection":[{"href":"https:\/\/dev.xello.world\/fr\/wp-json\/wp\/v2\/pages"}],"about":[{"href":"https:\/\/dev.xello.world\/fr\/wp-json\/wp\/v2\/types\/page"}],"author":[{"embeddable":true,"href":"https:\/\/dev.xello.world\/fr\/wp-json\/wp\/v2\/users\/20"}],"replies":[{"embeddable":true,"href":"https:\/\/dev.xello.world\/fr\/wp-json\/wp\/v2\/comments?post=17696"}],"version-history":[{"count":2,"href":"https:\/\/dev.xello.world\/fr\/wp-json\/wp\/v2\/pages\/17696\/revisions"}],"predecessor-version":[{"id":22618,"href":"https:\/\/dev.xello.world\/fr\/wp-json\/wp\/v2\/pages\/17696\/revisions\/22618"}],"wp:featuredmedia":[{"embeddable":true,"href":"https:\/\/dev.xello.world\/fr\/wp-json\/wp\/v2\/media\/1180"}],"wp:attachment":[{"href":"https:\/\/dev.xello.world\/fr\/wp-json\/wp\/v2\/media?parent=17696"}],"curies":[{"name":"wp","href":"https:\/\/api.w.org\/{rel}","templated":true}]}}