{"id":14792,"date":"2022-01-24T21:30:51","date_gmt":"2022-01-24T21:30:51","guid":{"rendered":"https:\/\/dev.xello.world\/xello-pour-lecole-secondaire\/"},"modified":"2022-06-07T21:29:14","modified_gmt":"2022-06-07T21:29:14","slug":"middle-and-high-school","status":"publish","type":"page","link":"https:\/\/dev.xello.world\/fr\/middle-and-high-school\/","title":{"rendered":"XELLO POUR L&#8217;\u00c9COLE SECONDAIRE"},"content":{"rendered":"","protected":false},"excerpt":{"rendered":"","protected":false},"author":20,"featured_media":0,"parent":0,"menu_order":0,"comment_status":"closed","ping_status":"closed","template":"","meta":{"_acf_changed":false,"footnotes":""},"class_list":["post-14792","page","type-page","status-publish","hentry"],"acf":[],"yoast_head":"<!-- This site is optimized with the Yoast SEO plugin v27.1.1 - https:\/\/yoast.com\/product\/yoast-seo-wordpress\/ -->\n<title>Xello pour l&#039;\u00e9cole secondaire | Xello<\/title>\n<meta name=\"description\" content=\"Xello aide les \u00e9l\u00e8ves de l&#039;\u00e9cole secondaire \u00e0 se pr\u00e9parer pour un avenir r\u00e9ussi, quels que soient leurs ant\u00e9c\u00e9dents, leurs aptitudes et leurs aspirations. En savoir plus.\" \/>\n<meta name=\"robots\" content=\"noindex, nofollow\" \/>\n<meta property=\"og:locale\" content=\"fr_FR\" \/>\n<meta property=\"og:type\" content=\"article\" \/>\n<meta property=\"og:title\" content=\"Xello pour l&#039;\u00e9cole secondaire | Xello\" \/>\n<meta property=\"og:description\" content=\"Xello aide les \u00e9l\u00e8ves de l&#039;\u00e9cole secondaire \u00e0 se pr\u00e9parer pour un avenir r\u00e9ussi, quels que soient leurs ant\u00e9c\u00e9dents, leurs aptitudes et leurs aspirations. En savoir plus.\" \/>\n<meta property=\"og:url\" content=\"https:\/\/dev.xello.world\/fr\/middle-and-high-school\/\" \/>\n<meta property=\"og:site_name\" content=\"Xello\" \/>\n<meta property=\"article:publisher\" content=\"https:\/\/www.facebook.com\/xellofuture\" \/>\n<meta property=\"article:modified_time\" content=\"2022-06-07T21:29:14+00:00\" \/>\n<meta name=\"twitter:card\" content=\"summary_large_image\" \/>\n<meta name=\"twitter:site\" content=\"@xellofuture\" \/>\n<script type=\"application\/ld+json\" class=\"yoast-schema-graph\">{\"@context\":\"https:\/\/schema.org\",\"@graph\":[{\"@type\":\"WebPage\",\"@id\":\"https:\/\/dev.xello.world\/fr\/middle-and-high-school\/\",\"url\":\"https:\/\/dev.xello.world\/fr\/middle-and-high-school\/\",\"name\":\"Xello pour l'\u00e9cole secondaire | Xello\",\"isPartOf\":{\"@id\":\"https:\/\/dev.xello.world\/fr\/#website\"},\"datePublished\":\"2022-01-24T21:30:51+00:00\",\"dateModified\":\"2022-06-07T21:29:14+00:00\",\"description\":\"Xello aide les \u00e9l\u00e8ves de l'\u00e9cole secondaire \u00e0 se pr\u00e9parer pour un avenir r\u00e9ussi, quels que soient leurs ant\u00e9c\u00e9dents, leurs aptitudes et leurs aspirations. En savoir plus.\",\"breadcrumb\":{\"@id\":\"https:\/\/dev.xello.world\/fr\/middle-and-high-school\/#breadcrumb\"},\"inLanguage\":\"fr-FR\",\"potentialAction\":[{\"@type\":\"ReadAction\",\"target\":[\"https:\/\/dev.xello.world\/fr\/middle-and-high-school\/\"]}]},{\"@type\":\"BreadcrumbList\",\"@id\":\"https:\/\/dev.xello.world\/fr\/middle-and-high-school\/#breadcrumb\",\"itemListElement\":[{\"@type\":\"ListItem\",\"position\":1,\"name\":\"Home\",\"item\":\"https:\/\/dev.xello.world\/fr\/\"},{\"@type\":\"ListItem\",\"position\":2,\"name\":\"XELLO POUR L&#8217;\u00c9COLE SECONDAIRE\"}]},{\"@type\":\"WebSite\",\"@id\":\"https:\/\/dev.xello.world\/fr\/#website\",\"url\":\"https:\/\/dev.xello.world\/fr\/\",\"name\":\"Xello\",\"description\":\"College &amp; Career Readiness Software that Inspires Students\",\"publisher\":{\"@id\":\"https:\/\/dev.xello.world\/fr\/#organization\"},\"potentialAction\":[{\"@type\":\"SearchAction\",\"target\":{\"@type\":\"EntryPoint\",\"urlTemplate\":\"https:\/\/dev.xello.world\/fr\/?s={search_term_string}\"},\"query-input\":{\"@type\":\"PropertyValueSpecification\",\"valueRequired\":true,\"valueName\":\"search_term_string\"}}],\"inLanguage\":\"fr-FR\"},{\"@type\":\"Organization\",\"@id\":\"https:\/\/dev.xello.world\/fr\/#organization\",\"name\":\"Xello\",\"url\":\"https:\/\/dev.xello.world\/fr\/\",\"logo\":{\"@type\":\"ImageObject\",\"inLanguage\":\"fr-FR\",\"@id\":\"https:\/\/dev.xello.world\/fr\/#\/schema\/logo\/image\/\",\"url\":\"https:\/\/dev.xello.world\/wp-content\/uploads\/Xello-logo-for-blog-top-nav-1.svg\",\"contentUrl\":\"https:\/\/dev.xello.world\/wp-content\/uploads\/Xello-logo-for-blog-top-nav-1.svg\",\"width\":65,\"height\":72,\"caption\":\"Xello\"},\"image\":{\"@id\":\"https:\/\/dev.xello.world\/fr\/#\/schema\/logo\/image\/\"},\"sameAs\":[\"https:\/\/www.facebook.com\/xellofuture\",\"https:\/\/x.com\/xellofuture\"]}]}<\/script>\n<!-- \/ Yoast SEO plugin. -->","yoast_head_json":{"title":"Xello pour l'\u00e9cole secondaire | Xello","description":"Xello aide les \u00e9l\u00e8ves de l'\u00e9cole secondaire \u00e0 se pr\u00e9parer pour un avenir r\u00e9ussi, quels que soient leurs ant\u00e9c\u00e9dents, leurs aptitudes et leurs aspirations. En savoir plus.","robots":{"index":"noindex","follow":"nofollow"},"og_locale":"fr_FR","og_type":"article","og_title":"Xello pour l'\u00e9cole secondaire | Xello","og_description":"Xello aide les \u00e9l\u00e8ves de l'\u00e9cole secondaire \u00e0 se pr\u00e9parer pour un avenir r\u00e9ussi, quels que soient leurs ant\u00e9c\u00e9dents, leurs aptitudes et leurs aspirations. En savoir plus.","og_url":"https:\/\/dev.xello.world\/fr\/middle-and-high-school\/","og_site_name":"Xello","article_publisher":"https:\/\/www.facebook.com\/xellofuture","article_modified_time":"2022-06-07T21:29:14+00:00","twitter_card":"summary_large_image","twitter_site":"@xellofuture","schema":{"@context":"https:\/\/schema.org","@graph":[{"@type":"WebPage","@id":"https:\/\/dev.xello.world\/fr\/middle-and-high-school\/","url":"https:\/\/dev.xello.world\/fr\/middle-and-high-school\/","name":"Xello pour l'\u00e9cole secondaire | Xello","isPartOf":{"@id":"https:\/\/dev.xello.world\/fr\/#website"},"datePublished":"2022-01-24T21:30:51+00:00","dateModified":"2022-06-07T21:29:14+00:00","description":"Xello aide les \u00e9l\u00e8ves de l'\u00e9cole secondaire \u00e0 se pr\u00e9parer pour un avenir r\u00e9ussi, quels que soient leurs ant\u00e9c\u00e9dents, leurs aptitudes et leurs aspirations. En savoir plus.","breadcrumb":{"@id":"https:\/\/dev.xello.world\/fr\/middle-and-high-school\/#breadcrumb"},"inLanguage":"fr-FR","potentialAction":[{"@type":"ReadAction","target":["https:\/\/dev.xello.world\/fr\/middle-and-high-school\/"]}]},{"@type":"BreadcrumbList","@id":"https:\/\/dev.xello.world\/fr\/middle-and-high-school\/#breadcrumb","itemListElement":[{"@type":"ListItem","position":1,"name":"Home","item":"https:\/\/dev.xello.world\/fr\/"},{"@type":"ListItem","position":2,"name":"XELLO POUR L&#8217;\u00c9COLE SECONDAIRE"}]},{"@type":"WebSite","@id":"https:\/\/dev.xello.world\/fr\/#website","url":"https:\/\/dev.xello.world\/fr\/","name":"Xello","description":"College &amp; Career Readiness Software that Inspires Students","publisher":{"@id":"https:\/\/dev.xello.world\/fr\/#organization"},"potentialAction":[{"@type":"SearchAction","target":{"@type":"EntryPoint","urlTemplate":"https:\/\/dev.xello.world\/fr\/?s={search_term_string}"},"query-input":{"@type":"PropertyValueSpecification","valueRequired":true,"valueName":"search_term_string"}}],"inLanguage":"fr-FR"},{"@type":"Organization","@id":"https:\/\/dev.xello.world\/fr\/#organization","name":"Xello","url":"https:\/\/dev.xello.world\/fr\/","logo":{"@type":"ImageObject","inLanguage":"fr-FR","@id":"https:\/\/dev.xello.world\/fr\/#\/schema\/logo\/image\/","url":"https:\/\/dev.xello.world\/wp-content\/uploads\/Xello-logo-for-blog-top-nav-1.svg","contentUrl":"https:\/\/dev.xello.world\/wp-content\/uploads\/Xello-logo-for-blog-top-nav-1.svg","width":65,"height":72,"caption":"Xello"},"image":{"@id":"https:\/\/dev.xello.world\/fr\/#\/schema\/logo\/image\/"},"sameAs":["https:\/\/www.facebook.com\/xellofuture","https:\/\/x.com\/xellofuture"]}]}},"_links":{"self":[{"href":"https:\/\/dev.xello.world\/fr\/wp-json\/wp\/v2\/pages\/14792","targetHints":{"allow":["GET"]}}],"collection":[{"href":"https:\/\/dev.xello.world\/fr\/wp-json\/wp\/v2\/pages"}],"about":[{"href":"https:\/\/dev.xello.world\/fr\/wp-json\/wp\/v2\/types\/page"}],"author":[{"embeddable":true,"href":"https:\/\/dev.xello.world\/fr\/wp-json\/wp\/v2\/users\/20"}],"replies":[{"embeddable":true,"href":"https:\/\/dev.xello.world\/fr\/wp-json\/wp\/v2\/comments?post=14792"}],"version-history":[{"count":2,"href":"https:\/\/dev.xello.world\/fr\/wp-json\/wp\/v2\/pages\/14792\/revisions"}],"predecessor-version":[{"id":17787,"href":"https:\/\/dev.xello.world\/fr\/wp-json\/wp\/v2\/pages\/14792\/revisions\/17787"}],"wp:attachment":[{"href":"https:\/\/dev.xello.world\/fr\/wp-json\/wp\/v2\/media?parent=14792"}],"curies":[{"name":"wp","href":"https:\/\/api.w.org\/{rel}","templated":true}]}}