{"id":1326,"date":"2018-12-14T10:37:33","date_gmt":"2018-12-14T10:37:33","guid":{"rendered":"http:\/\/40.114.40.109\/about-us\/"},"modified":"2026-01-20T12:06:52","modified_gmt":"2026-01-20T17:06:52","slug":"about","status":"publish","type":"page","link":"https:\/\/dev.xello.world\/fr\/about\/","title":{"rendered":"En bref"},"content":{"rendered":"","protected":false},"excerpt":{"rendered":"","protected":false},"author":20,"featured_media":37483,"parent":0,"menu_order":0,"comment_status":"closed","ping_status":"closed","template":"","meta":{"_acf_changed":false,"footnotes":""},"class_list":["post-1326","page","type-page","status-publish","has-post-thumbnail","hentry"],"acf":[],"yoast_head":"<!-- This site is optimized with the Yoast SEO plugin v27.1.1 - https:\/\/yoast.com\/product\/yoast-seo-wordpress\/ -->\n<title>En bref | Xello<\/title>\n<meta name=\"description\" content=\"Qui sommes nous? Nous sommes Xello! Une soci\u00e9t\u00e9 de logiciels \u00e9ducatifs anim\u00e9e par des personnes passionn\u00e9es et d\u00e9termin\u00e9es \u00e0 aider chaque \u00e9tudiant \u00e0 devenir pr\u00eat pour l&#039;avenir.\" \/>\n<meta name=\"robots\" content=\"noindex, follow, max-snippet:-1, max-image-preview:large, max-video-preview:-1\" \/>\n<meta property=\"og:locale\" content=\"fr_FR\" \/>\n<meta property=\"og:type\" content=\"article\" \/>\n<meta property=\"og:title\" content=\"En bref | Xello\" \/>\n<meta property=\"og:description\" content=\"Qui sommes nous? Nous sommes Xello! Une soci\u00e9t\u00e9 de logiciels \u00e9ducatifs anim\u00e9e par des personnes passionn\u00e9es et d\u00e9termin\u00e9es \u00e0 aider chaque \u00e9tudiant \u00e0 devenir pr\u00eat pour l&#039;avenir.\" \/>\n<meta property=\"og:url\" content=\"https:\/\/dev.xello.world\/fr\/about\/\" \/>\n<meta property=\"og:site_name\" content=\"Xello\" \/>\n<meta property=\"article:publisher\" content=\"https:\/\/www.facebook.com\/xellofuture\" \/>\n<meta property=\"article:modified_time\" content=\"2026-01-20T17:06:52+00:00\" \/>\n<meta property=\"og:image\" content=\"https:\/\/dev.xello.world\/wp-content\/uploads\/Xello-love.png\" \/>\n\t<meta property=\"og:image:width\" content=\"216\" \/>\n\t<meta property=\"og:image:height\" content=\"240\" \/>\n\t<meta property=\"og:image:type\" content=\"image\/png\" \/>\n<meta name=\"twitter:card\" content=\"summary_large_image\" \/>\n<meta name=\"twitter:site\" content=\"@xellofuture\" \/>\n<script type=\"application\/ld+json\" class=\"yoast-schema-graph\">{\"@context\":\"https:\/\/schema.org\",\"@graph\":[{\"@type\":\"WebPage\",\"@id\":\"https:\/\/dev.xello.world\/fr\/about\/\",\"url\":\"https:\/\/dev.xello.world\/fr\/about\/\",\"name\":\"En bref | Xello\",\"isPartOf\":{\"@id\":\"https:\/\/dev.xello.world\/fr\/#website\"},\"primaryImageOfPage\":{\"@id\":\"https:\/\/dev.xello.world\/fr\/about\/#primaryimage\"},\"image\":{\"@id\":\"https:\/\/dev.xello.world\/fr\/about\/#primaryimage\"},\"thumbnailUrl\":\"https:\/\/dev.xello.world\/wp-content\/uploads\/Xello-love.png\",\"datePublished\":\"2018-12-14T10:37:33+00:00\",\"dateModified\":\"2026-01-20T17:06:52+00:00\",\"description\":\"Qui sommes nous? Nous sommes Xello! Une soci\u00e9t\u00e9 de logiciels \u00e9ducatifs anim\u00e9e par des personnes passionn\u00e9es et d\u00e9termin\u00e9es \u00e0 aider chaque \u00e9tudiant \u00e0 devenir pr\u00eat pour l'avenir.\",\"breadcrumb\":{\"@id\":\"https:\/\/dev.xello.world\/fr\/about\/#breadcrumb\"},\"inLanguage\":\"fr-FR\",\"potentialAction\":[{\"@type\":\"ReadAction\",\"target\":[\"https:\/\/dev.xello.world\/fr\/about\/\"]}]},{\"@type\":\"ImageObject\",\"inLanguage\":\"fr-FR\",\"@id\":\"https:\/\/dev.xello.world\/fr\/about\/#primaryimage\",\"url\":\"https:\/\/dev.xello.world\/wp-content\/uploads\/Xello-love.png\",\"contentUrl\":\"https:\/\/dev.xello.world\/wp-content\/uploads\/Xello-love.png\",\"width\":216,\"height\":240,\"caption\":\"Love for Xello\"},{\"@type\":\"BreadcrumbList\",\"@id\":\"https:\/\/dev.xello.world\/fr\/about\/#breadcrumb\",\"itemListElement\":[{\"@type\":\"ListItem\",\"position\":1,\"name\":\"Home\",\"item\":\"https:\/\/dev.xello.world\/fr\/\"},{\"@type\":\"ListItem\",\"position\":2,\"name\":\"En bref\"}]},{\"@type\":\"WebSite\",\"@id\":\"https:\/\/dev.xello.world\/fr\/#website\",\"url\":\"https:\/\/dev.xello.world\/fr\/\",\"name\":\"Xello\",\"description\":\"College &amp; Career Readiness Software that Inspires Students\",\"publisher\":{\"@id\":\"https:\/\/dev.xello.world\/fr\/#organization\"},\"potentialAction\":[{\"@type\":\"SearchAction\",\"target\":{\"@type\":\"EntryPoint\",\"urlTemplate\":\"https:\/\/dev.xello.world\/fr\/?s={search_term_string}\"},\"query-input\":{\"@type\":\"PropertyValueSpecification\",\"valueRequired\":true,\"valueName\":\"search_term_string\"}}],\"inLanguage\":\"fr-FR\"},{\"@type\":\"Organization\",\"@id\":\"https:\/\/dev.xello.world\/fr\/#organization\",\"name\":\"Xello\",\"url\":\"https:\/\/dev.xello.world\/fr\/\",\"logo\":{\"@type\":\"ImageObject\",\"inLanguage\":\"fr-FR\",\"@id\":\"https:\/\/dev.xello.world\/fr\/#\/schema\/logo\/image\/\",\"url\":\"https:\/\/dev.xello.world\/wp-content\/uploads\/Xello-logo-for-blog-top-nav-1.svg\",\"contentUrl\":\"https:\/\/dev.xello.world\/wp-content\/uploads\/Xello-logo-for-blog-top-nav-1.svg\",\"width\":65,\"height\":72,\"caption\":\"Xello\"},\"image\":{\"@id\":\"https:\/\/dev.xello.world\/fr\/#\/schema\/logo\/image\/\"},\"sameAs\":[\"https:\/\/www.facebook.com\/xellofuture\",\"https:\/\/x.com\/xellofuture\"]}]}<\/script>\n<!-- \/ Yoast SEO plugin. -->","yoast_head_json":{"title":"En bref | Xello","description":"Qui sommes nous? Nous sommes Xello! Une soci\u00e9t\u00e9 de logiciels \u00e9ducatifs anim\u00e9e par des personnes passionn\u00e9es et d\u00e9termin\u00e9es \u00e0 aider chaque \u00e9tudiant \u00e0 devenir pr\u00eat pour l'avenir.","robots":{"index":"noindex","follow":"follow","max-snippet":"max-snippet:-1","max-image-preview":"max-image-preview:large","max-video-preview":"max-video-preview:-1"},"og_locale":"fr_FR","og_type":"article","og_title":"En bref | Xello","og_description":"Qui sommes nous? Nous sommes Xello! Une soci\u00e9t\u00e9 de logiciels \u00e9ducatifs anim\u00e9e par des personnes passionn\u00e9es et d\u00e9termin\u00e9es \u00e0 aider chaque \u00e9tudiant \u00e0 devenir pr\u00eat pour l'avenir.","og_url":"https:\/\/dev.xello.world\/fr\/about\/","og_site_name":"Xello","article_publisher":"https:\/\/www.facebook.com\/xellofuture","article_modified_time":"2026-01-20T17:06:52+00:00","og_image":[{"width":216,"height":240,"url":"https:\/\/dev.xello.world\/wp-content\/uploads\/Xello-love.png","type":"image\/png"}],"twitter_card":"summary_large_image","twitter_site":"@xellofuture","schema":{"@context":"https:\/\/schema.org","@graph":[{"@type":"WebPage","@id":"https:\/\/dev.xello.world\/fr\/about\/","url":"https:\/\/dev.xello.world\/fr\/about\/","name":"En bref | Xello","isPartOf":{"@id":"https:\/\/dev.xello.world\/fr\/#website"},"primaryImageOfPage":{"@id":"https:\/\/dev.xello.world\/fr\/about\/#primaryimage"},"image":{"@id":"https:\/\/dev.xello.world\/fr\/about\/#primaryimage"},"thumbnailUrl":"https:\/\/dev.xello.world\/wp-content\/uploads\/Xello-love.png","datePublished":"2018-12-14T10:37:33+00:00","dateModified":"2026-01-20T17:06:52+00:00","description":"Qui sommes nous? Nous sommes Xello! Une soci\u00e9t\u00e9 de logiciels \u00e9ducatifs anim\u00e9e par des personnes passionn\u00e9es et d\u00e9termin\u00e9es \u00e0 aider chaque \u00e9tudiant \u00e0 devenir pr\u00eat pour l'avenir.","breadcrumb":{"@id":"https:\/\/dev.xello.world\/fr\/about\/#breadcrumb"},"inLanguage":"fr-FR","potentialAction":[{"@type":"ReadAction","target":["https:\/\/dev.xello.world\/fr\/about\/"]}]},{"@type":"ImageObject","inLanguage":"fr-FR","@id":"https:\/\/dev.xello.world\/fr\/about\/#primaryimage","url":"https:\/\/dev.xello.world\/wp-content\/uploads\/Xello-love.png","contentUrl":"https:\/\/dev.xello.world\/wp-content\/uploads\/Xello-love.png","width":216,"height":240,"caption":"Love for Xello"},{"@type":"BreadcrumbList","@id":"https:\/\/dev.xello.world\/fr\/about\/#breadcrumb","itemListElement":[{"@type":"ListItem","position":1,"name":"Home","item":"https:\/\/dev.xello.world\/fr\/"},{"@type":"ListItem","position":2,"name":"En bref"}]},{"@type":"WebSite","@id":"https:\/\/dev.xello.world\/fr\/#website","url":"https:\/\/dev.xello.world\/fr\/","name":"Xello","description":"College &amp; Career Readiness Software that Inspires Students","publisher":{"@id":"https:\/\/dev.xello.world\/fr\/#organization"},"potentialAction":[{"@type":"SearchAction","target":{"@type":"EntryPoint","urlTemplate":"https:\/\/dev.xello.world\/fr\/?s={search_term_string}"},"query-input":{"@type":"PropertyValueSpecification","valueRequired":true,"valueName":"search_term_string"}}],"inLanguage":"fr-FR"},{"@type":"Organization","@id":"https:\/\/dev.xello.world\/fr\/#organization","name":"Xello","url":"https:\/\/dev.xello.world\/fr\/","logo":{"@type":"ImageObject","inLanguage":"fr-FR","@id":"https:\/\/dev.xello.world\/fr\/#\/schema\/logo\/image\/","url":"https:\/\/dev.xello.world\/wp-content\/uploads\/Xello-logo-for-blog-top-nav-1.svg","contentUrl":"https:\/\/dev.xello.world\/wp-content\/uploads\/Xello-logo-for-blog-top-nav-1.svg","width":65,"height":72,"caption":"Xello"},"image":{"@id":"https:\/\/dev.xello.world\/fr\/#\/schema\/logo\/image\/"},"sameAs":["https:\/\/www.facebook.com\/xellofuture","https:\/\/x.com\/xellofuture"]}]}},"_links":{"self":[{"href":"https:\/\/dev.xello.world\/fr\/wp-json\/wp\/v2\/pages\/1326","targetHints":{"allow":["GET"]}}],"collection":[{"href":"https:\/\/dev.xello.world\/fr\/wp-json\/wp\/v2\/pages"}],"about":[{"href":"https:\/\/dev.xello.world\/fr\/wp-json\/wp\/v2\/types\/page"}],"author":[{"embeddable":true,"href":"https:\/\/dev.xello.world\/fr\/wp-json\/wp\/v2\/users\/20"}],"replies":[{"embeddable":true,"href":"https:\/\/dev.xello.world\/fr\/wp-json\/wp\/v2\/comments?post=1326"}],"version-history":[{"count":2,"href":"https:\/\/dev.xello.world\/fr\/wp-json\/wp\/v2\/pages\/1326\/revisions"}],"predecessor-version":[{"id":49845,"href":"https:\/\/dev.xello.world\/fr\/wp-json\/wp\/v2\/pages\/1326\/revisions\/49845"}],"wp:featuredmedia":[{"embeddable":true,"href":"https:\/\/dev.xello.world\/fr\/wp-json\/wp\/v2\/media\/37483"}],"wp:attachment":[{"href":"https:\/\/dev.xello.world\/fr\/wp-json\/wp\/v2\/media?parent=1326"}],"curies":[{"name":"wp","href":"https:\/\/api.w.org\/{rel}","templated":true}]}}