{"id":1324,"date":"2018-12-17T09:38:30","date_gmt":"2018-12-17T09:38:30","guid":{"rendered":"http:\/\/40.114.40.109\/contact-us\/"},"modified":"2024-04-17T18:19:34","modified_gmt":"2024-04-17T18:19:34","slug":"contact","status":"publish","type":"page","link":"https:\/\/dev.xello.world\/fr\/contact\/","title":{"rendered":"Contactez nous"},"content":{"rendered":"","protected":false},"excerpt":{"rendered":"","protected":false},"author":20,"featured_media":1182,"parent":0,"menu_order":0,"comment_status":"closed","ping_status":"closed","template":"","meta":{"_acf_changed":false,"footnotes":""},"class_list":["post-1324","page","type-page","status-publish","has-post-thumbnail","hentry"],"acf":[],"yoast_head":"<!-- This site is optimized with the Yoast SEO plugin v27.1.1 - https:\/\/yoast.com\/product\/yoast-seo-wordpress\/ -->\n<title>Contactez nous | Xello<\/title>\n<meta name=\"description\" content=\"Xello vise \u00e0 aider les enseignants \u00e0 pr\u00e9parer l&#039;avenir de chaque \u00e9l\u00e8ve. Cela signifie \u00eatre ici pour vous aider lorsque vous avez des questions sur notre logiciel. Si vous avez des questions, appelez-nous \u00e0 notre num\u00e9ro sans frais ou cliquez pour soumettre une demande de renseignements en ligne. T\u00e9l\u00e9phone: +1 (800) 965-8541 T\u00e9l\u00e9copie: +1 (416) 463-0938\" \/>\n<meta name=\"robots\" content=\"noindex, follow, max-snippet:-1, max-image-preview:large, max-video-preview:-1\" \/>\n<meta property=\"og:locale\" content=\"fr_FR\" \/>\n<meta property=\"og:type\" content=\"article\" \/>\n<meta property=\"og:title\" content=\"Contactez nous | Xello\" \/>\n<meta property=\"og:description\" content=\"Xello vise \u00e0 aider les enseignants \u00e0 pr\u00e9parer l&#039;avenir de chaque \u00e9l\u00e8ve. Cela signifie \u00eatre ici pour vous aider lorsque vous avez des questions sur notre logiciel. Si vous avez des questions, appelez-nous \u00e0 notre num\u00e9ro sans frais ou cliquez pour soumettre une demande de renseignements en ligne. T\u00e9l\u00e9phone: +1 (800) 965-8541 T\u00e9l\u00e9copie: +1 (416) 463-0938\" \/>\n<meta property=\"og:url\" content=\"https:\/\/dev.xello.world\/fr\/contact\/\" \/>\n<meta property=\"og:site_name\" content=\"Xello\" \/>\n<meta property=\"article:publisher\" content=\"https:\/\/www.facebook.com\/xellofuture\" \/>\n<meta property=\"article:modified_time\" content=\"2024-04-17T18:19:34+00:00\" \/>\n<meta name=\"twitter:card\" content=\"summary_large_image\" \/>\n<meta name=\"twitter:site\" content=\"@xellofuture\" \/>\n<script type=\"application\/ld+json\" class=\"yoast-schema-graph\">{\"@context\":\"https:\/\/schema.org\",\"@graph\":[{\"@type\":\"WebPage\",\"@id\":\"https:\/\/dev.xello.world\/fr\/contact\/\",\"url\":\"https:\/\/dev.xello.world\/fr\/contact\/\",\"name\":\"Contactez nous | Xello\",\"isPartOf\":{\"@id\":\"https:\/\/dev.xello.world\/fr\/#website\"},\"primaryImageOfPage\":{\"@id\":\"https:\/\/dev.xello.world\/fr\/contact\/#primaryimage\"},\"image\":{\"@id\":\"https:\/\/dev.xello.world\/fr\/contact\/#primaryimage\"},\"thumbnailUrl\":\"https:\/\/dev.xello.world\/wp-content\/uploads\/2018\/12\/contact-us-main-image.svg\",\"datePublished\":\"2018-12-17T09:38:30+00:00\",\"dateModified\":\"2024-04-17T18:19:34+00:00\",\"description\":\"Xello vise \u00e0 aider les enseignants \u00e0 pr\u00e9parer l'avenir de chaque \u00e9l\u00e8ve. Cela signifie \u00eatre ici pour vous aider lorsque vous avez des questions sur notre logiciel. Si vous avez des questions, appelez-nous \u00e0 notre num\u00e9ro sans frais ou cliquez pour soumettre une demande de renseignements en ligne. T\u00e9l\u00e9phone: +1 (800) 965-8541 T\u00e9l\u00e9copie: +1 (416) 463-0938\",\"breadcrumb\":{\"@id\":\"https:\/\/dev.xello.world\/fr\/contact\/#breadcrumb\"},\"inLanguage\":\"fr-FR\",\"potentialAction\":[{\"@type\":\"ReadAction\",\"target\":[\"https:\/\/dev.xello.world\/fr\/contact\/\"]}]},{\"@type\":\"ImageObject\",\"inLanguage\":\"fr-FR\",\"@id\":\"https:\/\/dev.xello.world\/fr\/contact\/#primaryimage\",\"url\":\"https:\/\/dev.xello.world\/wp-content\/uploads\/2018\/12\/contact-us-main-image.svg\",\"contentUrl\":\"https:\/\/dev.xello.world\/wp-content\/uploads\/2018\/12\/contact-us-main-image.svg\",\"caption\":\"Illustration d'un \u00e9ducateur \u00e0 un bureau avec un ordinateur portable\"},{\"@type\":\"BreadcrumbList\",\"@id\":\"https:\/\/dev.xello.world\/fr\/contact\/#breadcrumb\",\"itemListElement\":[{\"@type\":\"ListItem\",\"position\":1,\"name\":\"Home\",\"item\":\"https:\/\/dev.xello.world\/fr\/\"},{\"@type\":\"ListItem\",\"position\":2,\"name\":\"Contactez nous\"}]},{\"@type\":\"WebSite\",\"@id\":\"https:\/\/dev.xello.world\/fr\/#website\",\"url\":\"https:\/\/dev.xello.world\/fr\/\",\"name\":\"Xello\",\"description\":\"College &amp; Career Readiness Software that Inspires Students\",\"publisher\":{\"@id\":\"https:\/\/dev.xello.world\/fr\/#organization\"},\"potentialAction\":[{\"@type\":\"SearchAction\",\"target\":{\"@type\":\"EntryPoint\",\"urlTemplate\":\"https:\/\/dev.xello.world\/fr\/?s={search_term_string}\"},\"query-input\":{\"@type\":\"PropertyValueSpecification\",\"valueRequired\":true,\"valueName\":\"search_term_string\"}}],\"inLanguage\":\"fr-FR\"},{\"@type\":\"Organization\",\"@id\":\"https:\/\/dev.xello.world\/fr\/#organization\",\"name\":\"Xello\",\"url\":\"https:\/\/dev.xello.world\/fr\/\",\"logo\":{\"@type\":\"ImageObject\",\"inLanguage\":\"fr-FR\",\"@id\":\"https:\/\/dev.xello.world\/fr\/#\/schema\/logo\/image\/\",\"url\":\"https:\/\/dev.xello.world\/wp-content\/uploads\/Xello-logo-for-blog-top-nav-1.svg\",\"contentUrl\":\"https:\/\/dev.xello.world\/wp-content\/uploads\/Xello-logo-for-blog-top-nav-1.svg\",\"width\":65,\"height\":72,\"caption\":\"Xello\"},\"image\":{\"@id\":\"https:\/\/dev.xello.world\/fr\/#\/schema\/logo\/image\/\"},\"sameAs\":[\"https:\/\/www.facebook.com\/xellofuture\",\"https:\/\/x.com\/xellofuture\"]}]}<\/script>\n<!-- \/ Yoast SEO plugin. -->","yoast_head_json":{"title":"Contactez nous | Xello","description":"Xello vise \u00e0 aider les enseignants \u00e0 pr\u00e9parer l'avenir de chaque \u00e9l\u00e8ve. Cela signifie \u00eatre ici pour vous aider lorsque vous avez des questions sur notre logiciel. Si vous avez des questions, appelez-nous \u00e0 notre num\u00e9ro sans frais ou cliquez pour soumettre une demande de renseignements en ligne. T\u00e9l\u00e9phone: +1 (800) 965-8541 T\u00e9l\u00e9copie: +1 (416) 463-0938","robots":{"index":"noindex","follow":"follow","max-snippet":"max-snippet:-1","max-image-preview":"max-image-preview:large","max-video-preview":"max-video-preview:-1"},"og_locale":"fr_FR","og_type":"article","og_title":"Contactez nous | Xello","og_description":"Xello vise \u00e0 aider les enseignants \u00e0 pr\u00e9parer l'avenir de chaque \u00e9l\u00e8ve. Cela signifie \u00eatre ici pour vous aider lorsque vous avez des questions sur notre logiciel. Si vous avez des questions, appelez-nous \u00e0 notre num\u00e9ro sans frais ou cliquez pour soumettre une demande de renseignements en ligne. T\u00e9l\u00e9phone: +1 (800) 965-8541 T\u00e9l\u00e9copie: +1 (416) 463-0938","og_url":"https:\/\/dev.xello.world\/fr\/contact\/","og_site_name":"Xello","article_publisher":"https:\/\/www.facebook.com\/xellofuture","article_modified_time":"2024-04-17T18:19:34+00:00","twitter_card":"summary_large_image","twitter_site":"@xellofuture","schema":{"@context":"https:\/\/schema.org","@graph":[{"@type":"WebPage","@id":"https:\/\/dev.xello.world\/fr\/contact\/","url":"https:\/\/dev.xello.world\/fr\/contact\/","name":"Contactez nous | Xello","isPartOf":{"@id":"https:\/\/dev.xello.world\/fr\/#website"},"primaryImageOfPage":{"@id":"https:\/\/dev.xello.world\/fr\/contact\/#primaryimage"},"image":{"@id":"https:\/\/dev.xello.world\/fr\/contact\/#primaryimage"},"thumbnailUrl":"https:\/\/dev.xello.world\/wp-content\/uploads\/2018\/12\/contact-us-main-image.svg","datePublished":"2018-12-17T09:38:30+00:00","dateModified":"2024-04-17T18:19:34+00:00","description":"Xello vise \u00e0 aider les enseignants \u00e0 pr\u00e9parer l'avenir de chaque \u00e9l\u00e8ve. Cela signifie \u00eatre ici pour vous aider lorsque vous avez des questions sur notre logiciel. Si vous avez des questions, appelez-nous \u00e0 notre num\u00e9ro sans frais ou cliquez pour soumettre une demande de renseignements en ligne. T\u00e9l\u00e9phone: +1 (800) 965-8541 T\u00e9l\u00e9copie: +1 (416) 463-0938","breadcrumb":{"@id":"https:\/\/dev.xello.world\/fr\/contact\/#breadcrumb"},"inLanguage":"fr-FR","potentialAction":[{"@type":"ReadAction","target":["https:\/\/dev.xello.world\/fr\/contact\/"]}]},{"@type":"ImageObject","inLanguage":"fr-FR","@id":"https:\/\/dev.xello.world\/fr\/contact\/#primaryimage","url":"https:\/\/dev.xello.world\/wp-content\/uploads\/2018\/12\/contact-us-main-image.svg","contentUrl":"https:\/\/dev.xello.world\/wp-content\/uploads\/2018\/12\/contact-us-main-image.svg","caption":"Illustration d'un \u00e9ducateur \u00e0 un bureau avec un ordinateur portable"},{"@type":"BreadcrumbList","@id":"https:\/\/dev.xello.world\/fr\/contact\/#breadcrumb","itemListElement":[{"@type":"ListItem","position":1,"name":"Home","item":"https:\/\/dev.xello.world\/fr\/"},{"@type":"ListItem","position":2,"name":"Contactez nous"}]},{"@type":"WebSite","@id":"https:\/\/dev.xello.world\/fr\/#website","url":"https:\/\/dev.xello.world\/fr\/","name":"Xello","description":"College &amp; Career Readiness Software that Inspires Students","publisher":{"@id":"https:\/\/dev.xello.world\/fr\/#organization"},"potentialAction":[{"@type":"SearchAction","target":{"@type":"EntryPoint","urlTemplate":"https:\/\/dev.xello.world\/fr\/?s={search_term_string}"},"query-input":{"@type":"PropertyValueSpecification","valueRequired":true,"valueName":"search_term_string"}}],"inLanguage":"fr-FR"},{"@type":"Organization","@id":"https:\/\/dev.xello.world\/fr\/#organization","name":"Xello","url":"https:\/\/dev.xello.world\/fr\/","logo":{"@type":"ImageObject","inLanguage":"fr-FR","@id":"https:\/\/dev.xello.world\/fr\/#\/schema\/logo\/image\/","url":"https:\/\/dev.xello.world\/wp-content\/uploads\/Xello-logo-for-blog-top-nav-1.svg","contentUrl":"https:\/\/dev.xello.world\/wp-content\/uploads\/Xello-logo-for-blog-top-nav-1.svg","width":65,"height":72,"caption":"Xello"},"image":{"@id":"https:\/\/dev.xello.world\/fr\/#\/schema\/logo\/image\/"},"sameAs":["https:\/\/www.facebook.com\/xellofuture","https:\/\/x.com\/xellofuture"]}]}},"_links":{"self":[{"href":"https:\/\/dev.xello.world\/fr\/wp-json\/wp\/v2\/pages\/1324","targetHints":{"allow":["GET"]}}],"collection":[{"href":"https:\/\/dev.xello.world\/fr\/wp-json\/wp\/v2\/pages"}],"about":[{"href":"https:\/\/dev.xello.world\/fr\/wp-json\/wp\/v2\/types\/page"}],"author":[{"embeddable":true,"href":"https:\/\/dev.xello.world\/fr\/wp-json\/wp\/v2\/users\/20"}],"replies":[{"embeddable":true,"href":"https:\/\/dev.xello.world\/fr\/wp-json\/wp\/v2\/comments?post=1324"}],"version-history":[{"count":2,"href":"https:\/\/dev.xello.world\/fr\/wp-json\/wp\/v2\/pages\/1324\/revisions"}],"predecessor-version":[{"id":38684,"href":"https:\/\/dev.xello.world\/fr\/wp-json\/wp\/v2\/pages\/1324\/revisions\/38684"}],"wp:featuredmedia":[{"embeddable":true,"href":"https:\/\/dev.xello.world\/fr\/wp-json\/wp\/v2\/media\/1182"}],"wp:attachment":[{"href":"https:\/\/dev.xello.world\/fr\/wp-json\/wp\/v2\/media?parent=1324"}],"curies":[{"name":"wp","href":"https:\/\/api.w.org\/{rel}","templated":true}]}}