{"id":1318,"date":"2018-12-17T11:30:56","date_gmt":"2018-12-17T11:30:56","guid":{"rendered":"http:\/\/40.114.40.109\/request-a-demo\/"},"modified":"2024-04-25T13:59:05","modified_gmt":"2024-04-25T13:59:05","slug":"demorequest","status":"publish","type":"page","link":"https:\/\/dev.xello.world\/fr\/demorequest\/","title":{"rendered":"Demande de d\u00e9mo"},"content":{"rendered":"\r\n<h2 class=\"wp-block-heading\">Nous serions heureux de vous montrer comment<\/h2>\r\n\r\n\r\n\r\n<p>Prenez rendez-vous avec l&#8217;un de nos consultants en \u00e9ducation pour une d\u00e9monstration de 10 minutes qui vous apprendra exactement comment Xello va<\/p>\r\n\r\n\r\n\r\n<ul class=\"wp-block-list\">\r\n<li>\u00c9quiper chaque \u00e9l\u00e8ve d&#8217;un plan pour un brillant avenir<\/li>\r\n<li>Lib\u00e9rer le potentiel de l&#8217;\u00e9l\u00e8ve et faire augmenter les taux de r\u00e9ussite<\/li>\r\n<li>Aider les \u00e9l\u00e8ves \u00e0 acqu\u00e9rir les comp\u00e9tences et les connaissances ax\u00e9es sur l&#8217;avenir qui faciliteront les transitions de la vie<\/li>\r\n<li>Suivre et mesurer facilement la r\u00e9ussite au niveau de l&#8217;\u00e9l\u00e8ve, de l&#8217;\u00e9cole et du district<\/li>\r\n<\/ul>\r\n","protected":false},"excerpt":{"rendered":"<p>Nous serions heureux de vous montrer comment Prenez rendez-vous avec l&#8217;un de nos consultants en \u00e9ducation pour une d\u00e9monstration de 10 minutes qui vous apprendra exactement comment Xello va \u00c9quiper chaque \u00e9l\u00e8ve d&#8217;un plan pour un brillant avenir Lib\u00e9rer le potentiel de l&#8217;\u00e9l\u00e8ve et faire augmenter les taux de r\u00e9ussite Aider les \u00e9l\u00e8ves \u00e0 acqu\u00e9rir &hellip; <a href=\"https:\/\/dev.xello.world\/fr\/demorequest\/\">Continued<\/a><\/p>\n","protected":false},"author":20,"featured_media":46845,"parent":0,"menu_order":0,"comment_status":"closed","ping_status":"closed","template":"","meta":{"_acf_changed":false,"footnotes":""},"class_list":["post-1318","page","type-page","status-publish","has-post-thumbnail","hentry"],"acf":[],"yoast_head":"<!-- This site is optimized with the Yoast SEO plugin v27.1.1 - https:\/\/yoast.com\/product\/yoast-seo-wordpress\/ -->\n<title>Demande de d\u00e9mo | Xello<\/title>\n<meta name=\"description\" content=\"Demander une d\u00e9mo de Xello. En seulement 10 minutes, vous verrez comment notre logiciel engageant de la maternelle \u00e0 la 12e ann\u00e9e peut vous aider \u00e0 mieux pr\u00e9parer les \u00e9tudiants \u00e0 la r\u00e9ussite de leurs \u00e9tudes et de leur universit\u00e9, et vous permet \u00e9galement de signaler facilement les objectifs de votre \u00e9cole et de votre district.\" \/>\n<meta name=\"robots\" content=\"noindex, follow, max-snippet:-1, max-image-preview:large, max-video-preview:-1\" \/>\n<meta property=\"og:locale\" content=\"fr_FR\" \/>\n<meta property=\"og:type\" content=\"article\" \/>\n<meta property=\"og:title\" content=\"Demande de d\u00e9mo | Xello\" \/>\n<meta property=\"og:description\" content=\"Demander une d\u00e9mo de Xello. En seulement 10 minutes, vous verrez comment notre logiciel engageant de la maternelle \u00e0 la 12e ann\u00e9e peut vous aider \u00e0 mieux pr\u00e9parer les \u00e9tudiants \u00e0 la r\u00e9ussite de leurs \u00e9tudes et de leur universit\u00e9, et vous permet \u00e9galement de signaler facilement les objectifs de votre \u00e9cole et de votre district.\" \/>\n<meta property=\"og:url\" content=\"https:\/\/dev.xello.world\/fr\/demorequest\/\" \/>\n<meta property=\"og:site_name\" content=\"Xello\" \/>\n<meta property=\"article:publisher\" content=\"https:\/\/www.facebook.com\/xellofuture\" \/>\n<meta property=\"article:modified_time\" content=\"2024-04-25T13:59:05+00:00\" \/>\n<meta property=\"og:image\" content=\"https:\/\/dev.xello.world\/wp-content\/uploads\/About-Xello-supporting-image-1.webp\" \/>\n\t<meta property=\"og:image:width\" content=\"800\" \/>\n\t<meta property=\"og:image:height\" content=\"767\" \/>\n\t<meta property=\"og:image:type\" content=\"image\/webp\" \/>\n<meta name=\"twitter:card\" content=\"summary_large_image\" \/>\n<meta name=\"twitter:site\" content=\"@xellofuture\" \/>\n<script type=\"application\/ld+json\" class=\"yoast-schema-graph\">{\"@context\":\"https:\/\/schema.org\",\"@graph\":[{\"@type\":\"WebPage\",\"@id\":\"https:\/\/dev.xello.world\/fr\/demorequest\/\",\"url\":\"https:\/\/dev.xello.world\/fr\/demorequest\/\",\"name\":\"Demande de d\u00e9mo | Xello\",\"isPartOf\":{\"@id\":\"https:\/\/dev.xello.world\/fr\/#website\"},\"primaryImageOfPage\":{\"@id\":\"https:\/\/dev.xello.world\/fr\/demorequest\/#primaryimage\"},\"image\":{\"@id\":\"https:\/\/dev.xello.world\/fr\/demorequest\/#primaryimage\"},\"thumbnailUrl\":\"https:\/\/dev.xello.world\/wp-content\/uploads\/About-Xello-supporting-image-1.webp\",\"datePublished\":\"2018-12-17T11:30:56+00:00\",\"dateModified\":\"2024-04-25T13:59:05+00:00\",\"description\":\"Demander une d\u00e9mo de Xello. En seulement 10 minutes, vous verrez comment notre logiciel engageant de la maternelle \u00e0 la 12e ann\u00e9e peut vous aider \u00e0 mieux pr\u00e9parer les \u00e9tudiants \u00e0 la r\u00e9ussite de leurs \u00e9tudes et de leur universit\u00e9, et vous permet \u00e9galement de signaler facilement les objectifs de votre \u00e9cole et de votre district.\",\"breadcrumb\":{\"@id\":\"https:\/\/dev.xello.world\/fr\/demorequest\/#breadcrumb\"},\"inLanguage\":\"fr-FR\",\"potentialAction\":[{\"@type\":\"ReadAction\",\"target\":[\"https:\/\/dev.xello.world\/fr\/demorequest\/\"]}]},{\"@type\":\"ImageObject\",\"inLanguage\":\"fr-FR\",\"@id\":\"https:\/\/dev.xello.world\/fr\/demorequest\/#primaryimage\",\"url\":\"https:\/\/dev.xello.world\/wp-content\/uploads\/About-Xello-supporting-image-1.webp\",\"contentUrl\":\"https:\/\/dev.xello.world\/wp-content\/uploads\/About-Xello-supporting-image-1.webp\",\"width\":800,\"height\":767,\"caption\":\"Image showing how Xello looks in tablet and mobile screen resolution.\"},{\"@type\":\"BreadcrumbList\",\"@id\":\"https:\/\/dev.xello.world\/fr\/demorequest\/#breadcrumb\",\"itemListElement\":[{\"@type\":\"ListItem\",\"position\":1,\"name\":\"Home\",\"item\":\"https:\/\/dev.xello.world\/fr\/\"},{\"@type\":\"ListItem\",\"position\":2,\"name\":\"Demande de d\u00e9mo\"}]},{\"@type\":\"WebSite\",\"@id\":\"https:\/\/dev.xello.world\/fr\/#website\",\"url\":\"https:\/\/dev.xello.world\/fr\/\",\"name\":\"Xello\",\"description\":\"College &amp; Career Readiness Software that Inspires Students\",\"publisher\":{\"@id\":\"https:\/\/dev.xello.world\/fr\/#organization\"},\"potentialAction\":[{\"@type\":\"SearchAction\",\"target\":{\"@type\":\"EntryPoint\",\"urlTemplate\":\"https:\/\/dev.xello.world\/fr\/?s={search_term_string}\"},\"query-input\":{\"@type\":\"PropertyValueSpecification\",\"valueRequired\":true,\"valueName\":\"search_term_string\"}}],\"inLanguage\":\"fr-FR\"},{\"@type\":\"Organization\",\"@id\":\"https:\/\/dev.xello.world\/fr\/#organization\",\"name\":\"Xello\",\"url\":\"https:\/\/dev.xello.world\/fr\/\",\"logo\":{\"@type\":\"ImageObject\",\"inLanguage\":\"fr-FR\",\"@id\":\"https:\/\/dev.xello.world\/fr\/#\/schema\/logo\/image\/\",\"url\":\"https:\/\/dev.xello.world\/wp-content\/uploads\/Xello-logo-for-blog-top-nav-1.svg\",\"contentUrl\":\"https:\/\/dev.xello.world\/wp-content\/uploads\/Xello-logo-for-blog-top-nav-1.svg\",\"width\":65,\"height\":72,\"caption\":\"Xello\"},\"image\":{\"@id\":\"https:\/\/dev.xello.world\/fr\/#\/schema\/logo\/image\/\"},\"sameAs\":[\"https:\/\/www.facebook.com\/xellofuture\",\"https:\/\/x.com\/xellofuture\"]}]}<\/script>\n<!-- \/ Yoast SEO plugin. -->","yoast_head_json":{"title":"Demande de d\u00e9mo | Xello","description":"Demander une d\u00e9mo de Xello. En seulement 10 minutes, vous verrez comment notre logiciel engageant de la maternelle \u00e0 la 12e ann\u00e9e peut vous aider \u00e0 mieux pr\u00e9parer les \u00e9tudiants \u00e0 la r\u00e9ussite de leurs \u00e9tudes et de leur universit\u00e9, et vous permet \u00e9galement de signaler facilement les objectifs de votre \u00e9cole et de votre district.","robots":{"index":"noindex","follow":"follow","max-snippet":"max-snippet:-1","max-image-preview":"max-image-preview:large","max-video-preview":"max-video-preview:-1"},"og_locale":"fr_FR","og_type":"article","og_title":"Demande de d\u00e9mo | Xello","og_description":"Demander une d\u00e9mo de Xello. En seulement 10 minutes, vous verrez comment notre logiciel engageant de la maternelle \u00e0 la 12e ann\u00e9e peut vous aider \u00e0 mieux pr\u00e9parer les \u00e9tudiants \u00e0 la r\u00e9ussite de leurs \u00e9tudes et de leur universit\u00e9, et vous permet \u00e9galement de signaler facilement les objectifs de votre \u00e9cole et de votre district.","og_url":"https:\/\/dev.xello.world\/fr\/demorequest\/","og_site_name":"Xello","article_publisher":"https:\/\/www.facebook.com\/xellofuture","article_modified_time":"2024-04-25T13:59:05+00:00","og_image":[{"width":800,"height":767,"url":"https:\/\/dev.xello.world\/wp-content\/uploads\/About-Xello-supporting-image-1.webp","type":"image\/webp"}],"twitter_card":"summary_large_image","twitter_site":"@xellofuture","schema":{"@context":"https:\/\/schema.org","@graph":[{"@type":"WebPage","@id":"https:\/\/dev.xello.world\/fr\/demorequest\/","url":"https:\/\/dev.xello.world\/fr\/demorequest\/","name":"Demande de d\u00e9mo | Xello","isPartOf":{"@id":"https:\/\/dev.xello.world\/fr\/#website"},"primaryImageOfPage":{"@id":"https:\/\/dev.xello.world\/fr\/demorequest\/#primaryimage"},"image":{"@id":"https:\/\/dev.xello.world\/fr\/demorequest\/#primaryimage"},"thumbnailUrl":"https:\/\/dev.xello.world\/wp-content\/uploads\/About-Xello-supporting-image-1.webp","datePublished":"2018-12-17T11:30:56+00:00","dateModified":"2024-04-25T13:59:05+00:00","description":"Demander une d\u00e9mo de Xello. En seulement 10 minutes, vous verrez comment notre logiciel engageant de la maternelle \u00e0 la 12e ann\u00e9e peut vous aider \u00e0 mieux pr\u00e9parer les \u00e9tudiants \u00e0 la r\u00e9ussite de leurs \u00e9tudes et de leur universit\u00e9, et vous permet \u00e9galement de signaler facilement les objectifs de votre \u00e9cole et de votre district.","breadcrumb":{"@id":"https:\/\/dev.xello.world\/fr\/demorequest\/#breadcrumb"},"inLanguage":"fr-FR","potentialAction":[{"@type":"ReadAction","target":["https:\/\/dev.xello.world\/fr\/demorequest\/"]}]},{"@type":"ImageObject","inLanguage":"fr-FR","@id":"https:\/\/dev.xello.world\/fr\/demorequest\/#primaryimage","url":"https:\/\/dev.xello.world\/wp-content\/uploads\/About-Xello-supporting-image-1.webp","contentUrl":"https:\/\/dev.xello.world\/wp-content\/uploads\/About-Xello-supporting-image-1.webp","width":800,"height":767,"caption":"Image showing how Xello looks in tablet and mobile screen resolution."},{"@type":"BreadcrumbList","@id":"https:\/\/dev.xello.world\/fr\/demorequest\/#breadcrumb","itemListElement":[{"@type":"ListItem","position":1,"name":"Home","item":"https:\/\/dev.xello.world\/fr\/"},{"@type":"ListItem","position":2,"name":"Demande de d\u00e9mo"}]},{"@type":"WebSite","@id":"https:\/\/dev.xello.world\/fr\/#website","url":"https:\/\/dev.xello.world\/fr\/","name":"Xello","description":"College &amp; Career Readiness Software that Inspires Students","publisher":{"@id":"https:\/\/dev.xello.world\/fr\/#organization"},"potentialAction":[{"@type":"SearchAction","target":{"@type":"EntryPoint","urlTemplate":"https:\/\/dev.xello.world\/fr\/?s={search_term_string}"},"query-input":{"@type":"PropertyValueSpecification","valueRequired":true,"valueName":"search_term_string"}}],"inLanguage":"fr-FR"},{"@type":"Organization","@id":"https:\/\/dev.xello.world\/fr\/#organization","name":"Xello","url":"https:\/\/dev.xello.world\/fr\/","logo":{"@type":"ImageObject","inLanguage":"fr-FR","@id":"https:\/\/dev.xello.world\/fr\/#\/schema\/logo\/image\/","url":"https:\/\/dev.xello.world\/wp-content\/uploads\/Xello-logo-for-blog-top-nav-1.svg","contentUrl":"https:\/\/dev.xello.world\/wp-content\/uploads\/Xello-logo-for-blog-top-nav-1.svg","width":65,"height":72,"caption":"Xello"},"image":{"@id":"https:\/\/dev.xello.world\/fr\/#\/schema\/logo\/image\/"},"sameAs":["https:\/\/www.facebook.com\/xellofuture","https:\/\/x.com\/xellofuture"]}]}},"_links":{"self":[{"href":"https:\/\/dev.xello.world\/fr\/wp-json\/wp\/v2\/pages\/1318","targetHints":{"allow":["GET"]}}],"collection":[{"href":"https:\/\/dev.xello.world\/fr\/wp-json\/wp\/v2\/pages"}],"about":[{"href":"https:\/\/dev.xello.world\/fr\/wp-json\/wp\/v2\/types\/page"}],"author":[{"embeddable":true,"href":"https:\/\/dev.xello.world\/fr\/wp-json\/wp\/v2\/users\/20"}],"replies":[{"embeddable":true,"href":"https:\/\/dev.xello.world\/fr\/wp-json\/wp\/v2\/comments?post=1318"}],"version-history":[{"count":2,"href":"https:\/\/dev.xello.world\/fr\/wp-json\/wp\/v2\/pages\/1318\/revisions"}],"predecessor-version":[{"id":38842,"href":"https:\/\/dev.xello.world\/fr\/wp-json\/wp\/v2\/pages\/1318\/revisions\/38842"}],"wp:featuredmedia":[{"embeddable":true,"href":"https:\/\/dev.xello.world\/fr\/wp-json\/wp\/v2\/media\/46845"}],"wp:attachment":[{"href":"https:\/\/dev.xello.world\/fr\/wp-json\/wp\/v2\/media?parent=1318"}],"curies":[{"name":"wp","href":"https:\/\/api.w.org\/{rel}","templated":true}]}}