{"id":1097,"date":"2018-12-14T10:37:24","date_gmt":"2018-12-14T10:37:24","guid":{"rendered":"http:\/\/40.114.40.109\/?page_id=1097"},"modified":"2023-09-25T08:28:51","modified_gmt":"2023-09-25T08:28:51","slug":"get_started","status":"publish","type":"page","link":"https:\/\/dev.xello.world\/fr\/get_started\/","title":{"rendered":"Commencer"},"content":{"rendered":"<h1>Take Your Next Step<\/h1>\n<p>See all the ways Xello can help you more easily prepare every K-12 student for future success.<\/p>\n<p><span class=\"mobile-hidden\">Request your personalized demo today.<\/span><\/p>\n<p><a class=\"btn pink-btn mobile-visible\" href=\"#get_demo\">Request a Demo<\/a><\/p>\n","protected":false},"excerpt":{"rendered":"<p>Take Your Next Step See all the ways Xello can help you more easily prepare every K-12 student for future success. Request your personalized demo today. Request a Demo<\/p>\n","protected":false},"author":20,"featured_media":0,"parent":0,"menu_order":0,"comment_status":"closed","ping_status":"closed","template":"","meta":{"_acf_changed":false,"footnotes":""},"class_list":["post-1097","page","type-page","status-publish","hentry"],"acf":[],"yoast_head":"<!-- This site is optimized with the Yoast SEO plugin v27.4 - https:\/\/yoast.com\/product\/yoast-seo-wordpress\/ -->\n<title>Notre engagement \u00e0 assurer la r\u00e9ussite de nos clients Xello | Xello<\/title>\n<meta name=\"description\" content=\"Lorsque vous achetez Xello pour aider vos \u00e9l\u00e8ves \u00e0 se pr\u00e9parer aux \u00e9tudes postsecondaires et \u00e0 une carri\u00e8re, vous choisissez un partenaire d\u00e9termin\u00e9 \u00e0 offrir un processus d&#039;achat sans douleur, une mise en \u0153uvre facile et un soutien continu pour un avenir r\u00e9ussi. En savoir plus sur l&#039;achat de Xello pour votre \u00e9cole.\" \/>\n<meta name=\"robots\" content=\"noindex, nofollow\" \/>\n<meta property=\"og:locale\" content=\"fr_FR\" \/>\n<meta property=\"og:type\" content=\"article\" \/>\n<meta property=\"og:title\" content=\"Notre engagement \u00e0 assurer la r\u00e9ussite de nos clients Xello | Xello\" \/>\n<meta property=\"og:description\" content=\"Lorsque vous achetez Xello pour aider vos \u00e9l\u00e8ves \u00e0 se pr\u00e9parer aux \u00e9tudes postsecondaires et \u00e0 une carri\u00e8re, vous choisissez un partenaire d\u00e9termin\u00e9 \u00e0 offrir un processus d&#039;achat sans douleur, une mise en \u0153uvre facile et un soutien continu pour un avenir r\u00e9ussi. En savoir plus sur l&#039;achat de Xello pour votre \u00e9cole.\" \/>\n<meta property=\"og:url\" content=\"https:\/\/dev.xello.world\/fr\/get_started\/\" \/>\n<meta property=\"og:site_name\" content=\"Xello\" \/>\n<meta property=\"article:publisher\" content=\"https:\/\/www.facebook.com\/xellofuture\" \/>\n<meta property=\"article:modified_time\" content=\"2023-09-25T08:28:51+00:00\" \/>\n<meta name=\"twitter:card\" content=\"summary_large_image\" \/>\n<meta name=\"twitter:site\" content=\"@xellofuture\" \/>\n<script type=\"application\/ld+json\" class=\"yoast-schema-graph\">{\"@context\":\"https:\\\/\\\/schema.org\",\"@graph\":[{\"@type\":\"WebPage\",\"@id\":\"https:\\\/\\\/dev.xello.world\\\/fr\\\/get_started\\\/\",\"url\":\"https:\\\/\\\/dev.xello.world\\\/fr\\\/get_started\\\/\",\"name\":\"Notre engagement \u00e0 assurer la r\u00e9ussite de nos clients Xello | Xello\",\"isPartOf\":{\"@id\":\"https:\\\/\\\/dev.xello.world\\\/fr\\\/#website\"},\"datePublished\":\"2018-12-14T10:37:24+00:00\",\"dateModified\":\"2023-09-25T08:28:51+00:00\",\"description\":\"Lorsque vous achetez Xello pour aider vos \u00e9l\u00e8ves \u00e0 se pr\u00e9parer aux \u00e9tudes postsecondaires et \u00e0 une carri\u00e8re, vous choisissez un partenaire d\u00e9termin\u00e9 \u00e0 offrir un processus d'achat sans douleur, une mise en \u0153uvre facile et un soutien continu pour un avenir r\u00e9ussi. En savoir plus sur l'achat de Xello pour votre \u00e9cole.\",\"breadcrumb\":{\"@id\":\"https:\\\/\\\/dev.xello.world\\\/fr\\\/get_started\\\/#breadcrumb\"},\"inLanguage\":\"fr-FR\",\"potentialAction\":[{\"@type\":\"ReadAction\",\"target\":[\"https:\\\/\\\/dev.xello.world\\\/fr\\\/get_started\\\/\"]}]},{\"@type\":\"BreadcrumbList\",\"@id\":\"https:\\\/\\\/dev.xello.world\\\/fr\\\/get_started\\\/#breadcrumb\",\"itemListElement\":[{\"@type\":\"ListItem\",\"position\":1,\"name\":\"Home\",\"item\":\"https:\\\/\\\/dev.xello.world\\\/fr\\\/\"},{\"@type\":\"ListItem\",\"position\":2,\"name\":\"Commencer\"}]},{\"@type\":\"WebSite\",\"@id\":\"https:\\\/\\\/dev.xello.world\\\/fr\\\/#website\",\"url\":\"https:\\\/\\\/dev.xello.world\\\/fr\\\/\",\"name\":\"Xello\",\"description\":\"College &amp; Career Readiness Software that Inspires Students\",\"publisher\":{\"@id\":\"https:\\\/\\\/dev.xello.world\\\/fr\\\/#organization\"},\"potentialAction\":[{\"@type\":\"SearchAction\",\"target\":{\"@type\":\"EntryPoint\",\"urlTemplate\":\"https:\\\/\\\/dev.xello.world\\\/fr\\\/?s={search_term_string}\"},\"query-input\":{\"@type\":\"PropertyValueSpecification\",\"valueRequired\":true,\"valueName\":\"search_term_string\"}}],\"inLanguage\":\"fr-FR\"},{\"@type\":\"Organization\",\"@id\":\"https:\\\/\\\/dev.xello.world\\\/fr\\\/#organization\",\"name\":\"Xello\",\"url\":\"https:\\\/\\\/dev.xello.world\\\/fr\\\/\",\"logo\":{\"@type\":\"ImageObject\",\"inLanguage\":\"fr-FR\",\"@id\":\"https:\\\/\\\/dev.xello.world\\\/fr\\\/#\\\/schema\\\/logo\\\/image\\\/\",\"url\":\"https:\\\/\\\/dev.xello.world\\\/wp-content\\\/uploads\\\/Xello-logo-for-blog-top-nav-1.svg\",\"contentUrl\":\"https:\\\/\\\/dev.xello.world\\\/wp-content\\\/uploads\\\/Xello-logo-for-blog-top-nav-1.svg\",\"width\":65,\"height\":72,\"caption\":\"Xello\"},\"image\":{\"@id\":\"https:\\\/\\\/dev.xello.world\\\/fr\\\/#\\\/schema\\\/logo\\\/image\\\/\"},\"sameAs\":[\"https:\\\/\\\/www.facebook.com\\\/xellofuture\",\"https:\\\/\\\/x.com\\\/xellofuture\"]}]}<\/script>\n<!-- \/ Yoast SEO plugin. -->","yoast_head_json":{"title":"Notre engagement \u00e0 assurer la r\u00e9ussite de nos clients Xello | Xello","description":"Lorsque vous achetez Xello pour aider vos \u00e9l\u00e8ves \u00e0 se pr\u00e9parer aux \u00e9tudes postsecondaires et \u00e0 une carri\u00e8re, vous choisissez un partenaire d\u00e9termin\u00e9 \u00e0 offrir un processus d'achat sans douleur, une mise en \u0153uvre facile et un soutien continu pour un avenir r\u00e9ussi. En savoir plus sur l'achat de Xello pour votre \u00e9cole.","robots":{"index":"noindex","follow":"nofollow"},"og_locale":"fr_FR","og_type":"article","og_title":"Notre engagement \u00e0 assurer la r\u00e9ussite de nos clients Xello | Xello","og_description":"Lorsque vous achetez Xello pour aider vos \u00e9l\u00e8ves \u00e0 se pr\u00e9parer aux \u00e9tudes postsecondaires et \u00e0 une carri\u00e8re, vous choisissez un partenaire d\u00e9termin\u00e9 \u00e0 offrir un processus d'achat sans douleur, une mise en \u0153uvre facile et un soutien continu pour un avenir r\u00e9ussi. En savoir plus sur l'achat de Xello pour votre \u00e9cole.","og_url":"https:\/\/dev.xello.world\/fr\/get_started\/","og_site_name":"Xello","article_publisher":"https:\/\/www.facebook.com\/xellofuture","article_modified_time":"2023-09-25T08:28:51+00:00","twitter_card":"summary_large_image","twitter_site":"@xellofuture","schema":{"@context":"https:\/\/schema.org","@graph":[{"@type":"WebPage","@id":"https:\/\/dev.xello.world\/fr\/get_started\/","url":"https:\/\/dev.xello.world\/fr\/get_started\/","name":"Notre engagement \u00e0 assurer la r\u00e9ussite de nos clients Xello | Xello","isPartOf":{"@id":"https:\/\/dev.xello.world\/fr\/#website"},"datePublished":"2018-12-14T10:37:24+00:00","dateModified":"2023-09-25T08:28:51+00:00","description":"Lorsque vous achetez Xello pour aider vos \u00e9l\u00e8ves \u00e0 se pr\u00e9parer aux \u00e9tudes postsecondaires et \u00e0 une carri\u00e8re, vous choisissez un partenaire d\u00e9termin\u00e9 \u00e0 offrir un processus d'achat sans douleur, une mise en \u0153uvre facile et un soutien continu pour un avenir r\u00e9ussi. En savoir plus sur l'achat de Xello pour votre \u00e9cole.","breadcrumb":{"@id":"https:\/\/dev.xello.world\/fr\/get_started\/#breadcrumb"},"inLanguage":"fr-FR","potentialAction":[{"@type":"ReadAction","target":["https:\/\/dev.xello.world\/fr\/get_started\/"]}]},{"@type":"BreadcrumbList","@id":"https:\/\/dev.xello.world\/fr\/get_started\/#breadcrumb","itemListElement":[{"@type":"ListItem","position":1,"name":"Home","item":"https:\/\/dev.xello.world\/fr\/"},{"@type":"ListItem","position":2,"name":"Commencer"}]},{"@type":"WebSite","@id":"https:\/\/dev.xello.world\/fr\/#website","url":"https:\/\/dev.xello.world\/fr\/","name":"Xello","description":"College &amp; Career Readiness Software that Inspires Students","publisher":{"@id":"https:\/\/dev.xello.world\/fr\/#organization"},"potentialAction":[{"@type":"SearchAction","target":{"@type":"EntryPoint","urlTemplate":"https:\/\/dev.xello.world\/fr\/?s={search_term_string}"},"query-input":{"@type":"PropertyValueSpecification","valueRequired":true,"valueName":"search_term_string"}}],"inLanguage":"fr-FR"},{"@type":"Organization","@id":"https:\/\/dev.xello.world\/fr\/#organization","name":"Xello","url":"https:\/\/dev.xello.world\/fr\/","logo":{"@type":"ImageObject","inLanguage":"fr-FR","@id":"https:\/\/dev.xello.world\/fr\/#\/schema\/logo\/image\/","url":"https:\/\/dev.xello.world\/wp-content\/uploads\/Xello-logo-for-blog-top-nav-1.svg","contentUrl":"https:\/\/dev.xello.world\/wp-content\/uploads\/Xello-logo-for-blog-top-nav-1.svg","width":65,"height":72,"caption":"Xello"},"image":{"@id":"https:\/\/dev.xello.world\/fr\/#\/schema\/logo\/image\/"},"sameAs":["https:\/\/www.facebook.com\/xellofuture","https:\/\/x.com\/xellofuture"]}]}},"_links":{"self":[{"href":"https:\/\/dev.xello.world\/fr\/wp-json\/wp\/v2\/pages\/1097","targetHints":{"allow":["GET"]}}],"collection":[{"href":"https:\/\/dev.xello.world\/fr\/wp-json\/wp\/v2\/pages"}],"about":[{"href":"https:\/\/dev.xello.world\/fr\/wp-json\/wp\/v2\/types\/page"}],"author":[{"embeddable":true,"href":"https:\/\/dev.xello.world\/fr\/wp-json\/wp\/v2\/users\/20"}],"replies":[{"embeddable":true,"href":"https:\/\/dev.xello.world\/fr\/wp-json\/wp\/v2\/comments?post=1097"}],"version-history":[{"count":2,"href":"https:\/\/dev.xello.world\/fr\/wp-json\/wp\/v2\/pages\/1097\/revisions"}],"predecessor-version":[{"id":34476,"href":"https:\/\/dev.xello.world\/fr\/wp-json\/wp\/v2\/pages\/1097\/revisions\/34476"}],"wp:attachment":[{"href":"https:\/\/dev.xello.world\/fr\/wp-json\/wp\/v2\/media?parent=1097"}],"curies":[{"name":"wp","href":"https:\/\/api.w.org\/{rel}","templated":true}]}}